{"id":44,"date":"2024-10-24T22:34:44","date_gmt":"2024-10-24T22:34:44","guid":{"rendered":"https:\/\/pixelstorm.info\/?page_id=44"},"modified":"2024-11-18T22:15:45","modified_gmt":"2024-11-18T22:15:45","slug":"44-2","status":"publish","type":"page","link":"https:\/\/pixelstorm.info\/","title":{"rendered":""},"content":{"rendered":"\n<p><strong>Willkommen zu PixelStorm \u2013 Das Gaming-Event in Osthessen!<\/strong><\/p>\n\n\n\n<p>Bereit, dein K\u00f6nnen unter Beweis zu stellen? Dann sei dabei bei unserer LAN-Party, wo Gaming-Fans zusammenkommen, um in packenden Matches gegeneinander anzutreten und unvergessliche Stunden voller Action und Spa\u00df zu erleben! Ob du Shooter, Strategie oder Rennspiele liebst \u2013 bei uns findest du Gleichgesinnte und die perfekte Atmosph\u00e4re f\u00fcr epische Gaming-Sessions.<\/p>\n\n\n\n<p>Schnapp dir deinen PC, stell dein Team zusammen und mach dich bereit f\u00fcr hei\u00dfe Gefechte, spannende Turniere und jede Menge Spa\u00df. Mit Highspeed-Internet, einer top ausgestatteten Location mitten in Fulda und einer gro\u00dfen Auswahl an Spielen, ist PixelStorm das Event, das du nicht verpassen darfst!<\/p>\n\n\n\n<p>Egal ob Profi oder Gelegenheitsspieler \u2013 jeder ist willkommen!<\/p>\n\n\n\n<p><strong>Unser erstes Event wird im ersten Quartal 2025 stattfinden \u2013 wir werden dich bald mit genaueren Informationen versorgen.<\/strong><\/p>\n\n\n\n<hr class=\"wp-block-separator has-alpha-channel-opacity\"\/>\n\n\n\n<p><strong>Spiele-Auswahl<\/strong><\/p>\n\n\n\n<p>Unsere Spiele-Auswahl ist noch nicht final, aber wir wollen eine m\u00f6glichst weite Bandbreite abdecken. Derzeit planen wir unter anderem mit folgenden Spielen:<\/p>\n\n\n\n<div class=\"wp-block-columns is-layout-flex wp-container-core-columns-is-layout-28f84493 wp-block-columns-is-layout-flex\">\n<div class=\"wp-block-column is-layout-flow wp-block-column-is-layout-flow\">\n<ul class=\"wp-block-list\">\n<li>Arma<\/li>\n\n\n\n<li>Battlefield<\/li>\n\n\n\n<li>Call of Duty<\/li>\n\n\n\n<li>Half-Life<\/li>\n<\/ul>\n<\/div>\n\n\n\n<div class=\"wp-block-column is-layout-flow wp-block-column-is-layout-flow\">\n<ul class=\"wp-block-list\">\n<li>Counter-Strike<\/li>\n\n\n\n<li>Dayz<\/li>\n\n\n\n<li>Five-M<\/li>\n\n\n\n<li>Minecraft Minigames<\/li>\n<\/ul>\n<\/div>\n\n\n\n<div class=\"wp-block-column is-layout-flow wp-block-column-is-layout-flow\">\n<ul class=\"wp-block-list\">\n<li>Left 4 Dead<\/li>\n\n\n\n<li>WreckFest<\/li>\n\n\n\n<li>FlatOut <\/li>\n\n\n\n<li>Trackmania<\/li>\n<\/ul>\n<\/div>\n<\/div>\n\n\n\n<p class=\"has-text-align-center\">&#8230;und vielen weiteren Klassikern!<\/p>\n\n\n\n<hr class=\"wp-block-separator has-alpha-channel-opacity\"\/>\n\n\n\n<p><strong>Die Event-Crew<\/strong><\/p>\n\n\n\n<p>Unsere Event-Crew ist das Herzst\u00fcck der LAN-Party! Von der Planung bis zur Umsetzung sorgt unser engagiertes Team &#8211; ein kleiner, wilder Haufen bestehend aus LAN-Party-Veteranen, Gamern und IT-Nerds &#8211; daf\u00fcr, dass alles reibungslos abl\u00e4uft und jeder Gamer ein unvergessliches Erlebnis hat. Die Crew k\u00fcmmert sich um die Technik, den Aufbau, die Turnierorganisation und steht euch jederzeit mit Rat und Tat zur Seite. Ohne die Crew g\u00e4be es keine stabile Internetverbindung, keine reibungslose Registrierung und keine perfekt organisierten Matches \u2013 kurz: kein perfektes LAN-Erlebnis. Dank ihrem Einsatz k\u00f6nnt ihr euch voll und ganz aufs Zocken konzentrieren!<\/p>\n\n\n\n<p><strong>Unsere Technik &#8211; die Basis f\u00fcr die epische LAN-Party<\/strong><\/p>\n\n\n\n<p>Ohne zuverl\u00e4ssige Technik l\u00e4uft auf einer LAN-Party nichts! Unsere technische Ausstattung sorgt f\u00fcr eine stabile, schnelle Glasfaser-Internetverbindung, niedrige Latenzzeiten und reibungslose Matches, damit jeder Spieler in H\u00f6chstgeschwindigkeit ins Game einsteigen kann. Hochleistungs-Switches, 10 Gigabit-Netzwerk bis zu den Tischen und kraftvolle AMD-Epyc-Server verhindern Verbindungsabbr\u00fcche und Lags \u2013 denn nichts ist wichtiger als ein st\u00f6rungsfreies Spielerlebnis. Unsere Techniker sind w\u00e4hrend des gesamten Events vor Ort, um sofort zu helfen, falls technische Probleme auftreten sollten. So wird garantiert, dass der Spa\u00df im Vordergrund steht und das Gaming ununterbrochen weitergeht!<\/p>\n\n\n\n<p><strong>Unser Catering &#8211; deine Energie f\u00fcr lange Gaming-Sessions<\/strong><\/p>\n\n\n\n<p>Gaming bis in die Nacht erfordert Ausdauer \u2013 und daf\u00fcr sorgt unser Catering-Team! Frische Snacks und hei\u00dfe Mahlzeiten halten euch bei Kr\u00e4ften, egal ob ihr eine kurze Pause zwischen den Matches braucht oder euch f\u00fcr die n\u00e4chste Gaming-Runde st\u00e4rken wollt. Mit einer Auswahl an energiereichen und leckeren Optionen stellt unser Catering sicher, dass keiner hungrig bleibt und jeder jederzeit neue Energie tanken kann. Dar\u00fcber hinaus verf\u00fcgt unsere Location \u00fcber einen K\u00fchlraum und mehrere K\u00fchlschr\u00e4nke, damit deine eigenen Getr\u00e4nke und Snacks jederzeit optimal gek\u00fchlt bleiben. Denn gute Verpflegung ist entscheidend, um die Konzentration hochzuhalten und das Beste aus jeder Session herauszuholen!<\/p>\n\n\n\n<p><strong>Leihrechner \u2013 Gaming f\u00fcr alle, auch ohne eigenes Setup<\/strong><\/p>\n\n\n\n<p>Du willst bei unserer LAN-Party dabei sein, hast aber keinen passenden Gaming-PC oder Laptop? Kein Problem! Wir bieten einige Leihrechner, die optimal f\u00fcr unsere Spielauswahl ausger\u00fcstet sind. Egal ob Call of Duty, Counter Strike oder FlatOut \u2013 mit unseren Leihger\u00e4ten bist du bestens vorbereitet. Einfach im Voraus reservieren, am Event anmelden und direkt loszocken \u2013 ohne Stress und ohne technischen Aufwand. So kann wirklich jeder am Gaming-Spa\u00df teilnehmen!<\/p>\n\n\n\n<p><strong>Hinweis:<\/strong> Die Anzahl der Leihrechner ist begrenzt, also sichere dir fr\u00fchzeitig deinen Platz!<\/p>\n\n\n\n<p><\/p>\n","protected":false},"excerpt":{"rendered":"<p>Willkommen zu PixelStorm \u2013 Das Gaming-Event in Osthessen! Bereit, dein K\u00f6nnen unter Beweis zu stellen? Dann sei dabei bei unserer LAN-Party, wo Gaming-Fans zusammenkommen, um in packenden Matches gegeneinander anzutreten und unvergessliche Stunden voller Action und Spa\u00df zu erleben! Ob du Shooter, Strategie oder Rennspiele liebst \u2013 bei uns findest du Gleichgesinnte und die perfekte &hellip; <\/p>\n<p class=\"link-more\"><a href=\"https:\/\/pixelstorm.info\/\" class=\"more-link\">Read more<span class=\"screen-reader-text\"> &#8220;&#8221;<\/span><\/a><\/p>\n","protected":false},"author":1,"featured_media":0,"parent":0,"menu_order":0,"comment_status":"closed","ping_status":"closed","template":"","meta":{"footnotes":""},"class_list":["post-44","page","type-page","status-publish","hentry"],"_links":{"self":[{"href":"https:\/\/pixelstorm.info\/index.php?rest_route=\/wp\/v2\/pages\/44","targetHints":{"allow":["GET"]}}],"collection":[{"href":"https:\/\/pixelstorm.info\/index.php?rest_route=\/wp\/v2\/pages"}],"about":[{"href":"https:\/\/pixelstorm.info\/index.php?rest_route=\/wp\/v2\/types\/page"}],"author":[{"embeddable":true,"href":"https:\/\/pixelstorm.info\/index.php?rest_route=\/wp\/v2\/users\/1"}],"replies":[{"embeddable":true,"href":"https:\/\/pixelstorm.info\/index.php?rest_route=%2Fwp%2Fv2%2Fcomments&post=44"}],"version-history":[{"count":8,"href":"https:\/\/pixelstorm.info\/index.php?rest_route=\/wp\/v2\/pages\/44\/revisions"}],"predecessor-version":[{"id":69,"href":"https:\/\/pixelstorm.info\/index.php?rest_route=\/wp\/v2\/pages\/44\/revisions\/69"}],"wp:attachment":[{"href":"https:\/\/pixelstorm.info\/index.php?rest_route=%2Fwp%2Fv2%2Fmedia&parent=44"}],"curies":[{"name":"wp","href":"https:\/\/api.w.org\/{rel}","templated":true}]}}